{"id":35,"date":"2025-08-27T12:29:19","date_gmt":"2025-08-27T10:29:19","guid":{"rendered":"https:\/\/olatzlarunbe.com\/?page_id=35"},"modified":"2026-03-10T12:30:57","modified_gmt":"2026-03-10T11:30:57","slug":"bio","status":"publish","type":"page","link":"https:\/\/olatzlarunbe.com\/en\/bio\/","title":{"rendered":"Bio"},"content":{"rendered":"<div data-elementor-type=\"wp-page\" data-elementor-id=\"35\" class=\"elementor elementor-35\" data-elementor-post-type=\"page\">\n\t\t\t\t<div class=\"elementor-element elementor-element-b712ca3 e-flex e-con-boxed e-con e-parent\" data-id=\"b712ca3\" data-element_type=\"container\" data-e-type=\"container\" data-settings=\"{&quot;background_background&quot;:&quot;video&quot;,&quot;background_video_link&quot;:&quot;https:\\\/\\\/youtu.be\\\/hH7D1Zjp97I&quot;,&quot;background_video_start&quot;:5,&quot;background_video_end&quot;:40,&quot;background_play_on_mobile&quot;:&quot;yes&quot;,&quot;background_privacy_mode&quot;:&quot;yes&quot;}\">\n\t\t\t\t\t<div class=\"e-con-inner\">\n\t\t<div class=\"elementor-background-video-container\">\n\t\t\t\t\t\t\t<div class=\"elementor-background-video-embed\" role=\"presentation\"><\/div>\n\t\t\t\t\t\t<\/div>\t\t<div class=\"elementor-element elementor-element-62cbfd5 elementor-widget elementor-widget-heading\" data-id=\"62cbfd5\" data-element_type=\"widget\" data-e-type=\"widget\" data-widget_type=\"heading.default\">\n\t\t\t\t\t<h1 class=\"elementor-heading-title elementor-size-default\">BIOGRAF\u00cdA<\/h1>\t\t\t\t<\/div>\n\t\t\t\t\t<\/div>\n\t\t\t\t<\/div>\n\t\t<div class=\"elementor-element elementor-element-38a8232 e-flex e-con-boxed e-con e-parent\" data-id=\"38a8232\" data-element_type=\"container\" data-e-type=\"container\">\n\t\t\t\t\t<div class=\"e-con-inner\">\n\t\t<div class=\"elementor-element elementor-element-1a25286 e-con-full e-flex e-con e-child\" data-id=\"1a25286\" data-element_type=\"container\" data-e-type=\"container\">\n\t\t\t\t<div class=\"elementor-element elementor-element-bf78070 elementor-widget__width-initial elementor-invisible elementor-widget elementor-widget-text-editor\" data-id=\"bf78070\" data-element_type=\"widget\" data-e-type=\"widget\" data-settings=\"{&quot;_animation&quot;:&quot;fadeInUp&quot;,&quot;_animation_delay&quot;:400}\" data-widget_type=\"text-editor.default\">\n\t\t\t\t\t\t\t\t\t<p><span style=\"font-weight: 400;\">Olatz Larunbe inici\u00f3 su v\u00ednculo con el mundo del movimiento a trav\u00e9s de la gimnasia r\u00edtmica y las <\/span><i><span style=\"font-weight: 400;\">euskal dantzak<\/span><\/i><span style=\"font-weight: 400;\">. Tras formarse en la escuela de danza Diana Casas, continu\u00f3 su recorrido en el Conservatorio de Danza Jos\u00e9 Uru\u00f1uela (Vitoria-Gasteiz), donde descubri\u00f3 el universo cl\u00e1sico. Posteriormente, ampli\u00f3 su formaci\u00f3n en danza contempor\u00e1nea en espacios como NOOT (Italia), Descalzinha (Madrid) y REV\u00c9S (Costa Rica), y finaliz\u00f3 sus estudios en La Faktoria Choreographic Center (Pamplona), donde fue becada durante dos a\u00f1os por el programa Agorart del Gobierno de Navarra.<\/span><\/p><p><span style=\"font-weight: 400;\">Durante este periodo, Olatz Larunbe explora y potencia su creatividad a trav\u00e9s de distintos lenguajes del movimiento, de la mano de referentes como Lali Ayguad\u00e9, Judith S\u00e1nchez, Laura Aris, Thomas Hauert, Mark Tompkins, David Zambrano y\/o Mal Pelo. Paralelamente, participa en creaciones con artistas como Marta Coronado <\/span><i><span style=\"font-weight: 400;\">NEBULA<\/span><\/i><span style=\"font-weight: 400;\">, Laida Aldaz <\/span><i><span style=\"font-weight: 400;\">INPERSPECTIVE<\/span><\/i><span style=\"font-weight: 400;\">, Daniel Abreu y Janet Novas <\/span><i><span style=\"font-weight: 400;\">NOXOTXS<\/span><\/i><span style=\"font-weight: 400;\">, as\u00ed como con la dramaturga Adriana Salvo <\/span><i><span style=\"font-weight: 400;\">AMAK. Historias de amor, renuncia o sacrificio<\/span><\/i><span style=\"font-weight: 400;\">, cerrando de esta manera su etapa formativa.<\/span><\/p><p><span style=\"font-weight: 400;\">En 2022, inicia su trayectoria como creadora con el proyecto de videodanza <\/span><i><span style=\"font-weight: 400;\">UHOLDEAK<\/span><\/i><span style=\"font-weight: 400;\">, producido con el apoyo del programa ARTEMPRO, que recorre festivales y circuitos internacionales en pa\u00edses como B\u00e9lgica, Argentina, Italia, Nepal, Chile, Estados Unidos, Grecia y distintos territorios de Espa\u00f1a, obteniendo varios reconocimientos, entre ellos \u201cMejor Videodanza\u201d.\u00a0\u00a0<\/span><\/p><p><span style=\"font-weight: 400;\">En 2024, estrena su primera pieza de sala, <\/span><i><span style=\"font-weight: 400;\">IHTOK<\/span><\/i><span style=\"font-weight: 400;\">, junto al bailar\u00edn mexicano Alfonso Aguilar, con posterior programaci\u00f3n en Sendaberri y tambi\u00e9n con el respaldo de ARTEMPRO. Actualmente, se encuentra desarrollando su pr\u00f3xima creaci\u00f3n, <\/span><i><span style=\"font-weight: 400;\">ETENA DENA<\/span><\/i><span style=\"font-weight: 400;\">, producida gracias al programa DNA, con estreno previsto para abril de 2026.<\/span><\/p><p><span style=\"font-weight: 400;\">Paralelamente, Olatz es int\u00e9rprete y creadora en la compa\u00f1\u00eda catalana Guy Nader &amp; Maria Campos (GN|MC), participando en la \u00faltima producci\u00f3n <\/span><i><span style=\"font-weight: 400;\">Natural Order of Things<\/span><\/i><span style=\"font-weight: 400;\">, presentada en festivales nacionales e internacionales como la Biennale di Venezia, el Grec Festival, Dansa Metropolitana o Kurtheater Baden entre otros.\u00a0<\/span><\/p><p><span style=\"font-weight: 400;\">Graduada en Educaci\u00f3n Primaria y especializada en pedagog\u00eda terap\u00e9utica, compagina su labor art\u00edstica con la docencia. Tras cuatro a\u00f1os ense\u00f1ando en la Escuela de Ainhoa Eguizabal (Estella), contin\u00faa impartiendo clases y talleres de danza, incluyendo su propuesta pedag\u00f3gica individual y el proyecto <\/span><i><span style=\"font-weight: 400;\">Grabitate.Han<\/span><\/i><span style=\"font-weight: 400;\">, desarrollado junto a Alfonso Aguilar.<\/span><\/p>\t\t\t\t\t\t\t\t<\/div>\n\t\t\t\t<\/div>\n\t\t<div class=\"elementor-element elementor-element-16ee994 e-con-full e-flex e-con e-child\" data-id=\"16ee994\" data-element_type=\"container\" data-e-type=\"container\" data-settings=\"{&quot;background_background&quot;:&quot;classic&quot;}\">\n\t\t\t\t<\/div>\n\t\t\t\t\t<\/div>\n\t\t\t\t<\/div>\n\t\t<div class=\"elementor-element elementor-element-f75bb88 e-flex e-con-boxed e-con e-parent\" data-id=\"f75bb88\" data-element_type=\"container\" data-e-type=\"container\">\n\t\t\t\t\t<div class=\"e-con-inner\">\n\t\t\t\t<div class=\"elementor-element elementor-element-73ce0b1 elementor-widget elementor-widget-gallery\" data-id=\"73ce0b1\" data-element_type=\"widget\" data-e-type=\"widget\" data-settings=\"{&quot;columns&quot;:3,&quot;columns_tablet&quot;:3,&quot;gap&quot;:{&quot;unit&quot;:&quot;px&quot;,&quot;size&quot;:5,&quot;sizes&quot;:[]},&quot;gap_tablet&quot;:{&quot;unit&quot;:&quot;px&quot;,&quot;size&quot;:5,&quot;sizes&quot;:[]},&quot;gap_mobile&quot;:{&quot;unit&quot;:&quot;px&quot;,&quot;size&quot;:5,&quot;sizes&quot;:[]},&quot;aspect_ratio&quot;:&quot;1:1&quot;,&quot;lazyload&quot;:&quot;yes&quot;,&quot;gallery_layout&quot;:&quot;grid&quot;,&quot;columns_mobile&quot;:1,&quot;overlay_background&quot;:&quot;yes&quot;,&quot;content_hover_animation&quot;:&quot;fade-in&quot;}\" data-widget_type=\"gallery.default\">\n\t\t\t\t\t\t\t<div class=\"elementor-gallery__container\">\n\t\t\t\t\t\t\t<div class=\"e-gallery-item elementor-gallery-item elementor-animated-content\">\n\t\t\t\t\t<div class=\"e-gallery-image elementor-gallery-item__image\" data-thumbnail=\"https:\/\/olatzlarunbe.com\/wp-content\/uploads\/2025\/08\/7I6A0845.jpg\" data-width=\"1600\" data-height=\"1067\" aria-label=\"\" role=\"img\" ><\/div>\n\t\t\t\t\t\t\t\t\t\t\t<div class=\"elementor-gallery-item__overlay\"><\/div>\n\t\t\t\t\t\t\t\t\t\t\t\t\t\t<\/div>\n\t\t\t\t\t\t\t<div class=\"e-gallery-item elementor-gallery-item elementor-animated-content\">\n\t\t\t\t\t<div class=\"e-gallery-image elementor-gallery-item__image\" data-thumbnail=\"https:\/\/olatzlarunbe.com\/wp-content\/uploads\/2026\/01\/IMG_5606.jpg\" data-width=\"800\" data-height=\"950\" aria-label=\"\" role=\"img\" ><\/div>\n\t\t\t\t\t\t\t\t\t\t\t<div class=\"elementor-gallery-item__overlay\"><\/div>\n\t\t\t\t\t\t\t\t\t\t\t\t\t\t<\/div>\n\t\t\t\t\t\t\t<div class=\"e-gallery-item elementor-gallery-item elementor-animated-content\">\n\t\t\t\t\t<div class=\"e-gallery-image elementor-gallery-item__image\" data-thumbnail=\"https:\/\/olatzlarunbe.com\/wp-content\/uploads\/2026\/01\/7I6A0957.jpg\" data-width=\"1200\" data-height=\"1800\" aria-label=\"\" role=\"img\" ><\/div>\n\t\t\t\t\t\t\t\t\t\t\t<div class=\"elementor-gallery-item__overlay\"><\/div>\n\t\t\t\t\t\t\t\t\t\t\t\t\t\t<\/div>\n\t\t\t\t\t\t\t<div class=\"e-gallery-item elementor-gallery-item elementor-animated-content\">\n\t\t\t\t\t<div class=\"e-gallery-image elementor-gallery-item__image\" data-thumbnail=\"https:\/\/olatzlarunbe.com\/wp-content\/uploads\/2026\/01\/IMG_0739.jpg\" data-width=\"800\" data-height=\"944\" aria-label=\"\" role=\"img\" ><\/div>\n\t\t\t\t\t\t\t\t\t\t\t<div class=\"elementor-gallery-item__overlay\"><\/div>\n\t\t\t\t\t\t\t\t\t\t\t\t\t\t<\/div>\n\t\t\t\t\t\t\t<div class=\"e-gallery-item elementor-gallery-item elementor-animated-content\">\n\t\t\t\t\t<div class=\"e-gallery-image elementor-gallery-item__image\" data-thumbnail=\"https:\/\/olatzlarunbe.com\/wp-content\/uploads\/2026\/01\/IMG_0772.jpg\" data-width=\"800\" data-height=\"1067\" aria-label=\"\" role=\"img\" ><\/div>\n\t\t\t\t\t\t\t\t\t\t\t<div class=\"elementor-gallery-item__overlay\"><\/div>\n\t\t\t\t\t\t\t\t\t\t\t\t\t\t<\/div>\n\t\t\t\t\t\t\t<div class=\"e-gallery-item elementor-gallery-item elementor-animated-content\">\n\t\t\t\t\t<div class=\"e-gallery-image elementor-gallery-item__image\" data-thumbnail=\"https:\/\/olatzlarunbe.com\/wp-content\/uploads\/2026\/01\/IMG_0725.jpg\" data-width=\"800\" data-height=\"1067\" aria-label=\"\" role=\"img\" ><\/div>\n\t\t\t\t\t\t\t\t\t\t\t<div class=\"elementor-gallery-item__overlay\"><\/div>\n\t\t\t\t\t\t\t\t\t\t\t\t\t\t<\/div>\n\t\t\t\t\t\t\t<div class=\"e-gallery-item elementor-gallery-item elementor-animated-content\">\n\t\t\t\t\t<div class=\"e-gallery-image elementor-gallery-item__image\" data-thumbnail=\"https:\/\/olatzlarunbe.com\/wp-content\/uploads\/2026\/01\/PAMPLONA.AGOSTO.2020-6507.jpg\" data-width=\"1200\" data-height=\"1680\" aria-label=\"\" role=\"img\" ><\/div>\n\t\t\t\t\t\t\t\t\t\t\t<div class=\"elementor-gallery-item__overlay\"><\/div>\n\t\t\t\t\t\t\t\t\t\t\t\t\t\t<\/div>\n\t\t\t\t\t\t\t<div class=\"e-gallery-item elementor-gallery-item elementor-animated-content\">\n\t\t\t\t\t<div class=\"e-gallery-image elementor-gallery-item__image\" data-thumbnail=\"https:\/\/olatzlarunbe.com\/wp-content\/uploads\/2026\/01\/PAMPLONA.AGOSTO.2020-6513.jpg\" data-width=\"1200\" data-height=\"1680\" aria-label=\"\" role=\"img\" ><\/div>\n\t\t\t\t\t\t\t\t\t\t\t<div class=\"elementor-gallery-item__overlay\"><\/div>\n\t\t\t\t\t\t\t\t\t\t\t\t\t\t<\/div>\n\t\t\t\t\t\t\t<div class=\"e-gallery-item elementor-gallery-item elementor-animated-content\">\n\t\t\t\t\t<div class=\"e-gallery-image elementor-gallery-item__image\" data-thumbnail=\"https:\/\/olatzlarunbe.com\/wp-content\/uploads\/2026\/01\/PAMPLONA.AGOSTO.2020-6488.jpg\" data-width=\"1200\" data-height=\"1680\" aria-label=\"\" role=\"img\" ><\/div>\n\t\t\t\t\t\t\t\t\t\t\t<div class=\"elementor-gallery-item__overlay\"><\/div>\n\t\t\t\t\t\t\t\t\t\t\t\t\t\t<\/div>\n\t\t\t\t\t\t\t<div class=\"e-gallery-item elementor-gallery-item elementor-animated-content\">\n\t\t\t\t\t<div class=\"e-gallery-image elementor-gallery-item__image\" data-thumbnail=\"https:\/\/olatzlarunbe.com\/wp-content\/uploads\/2026\/01\/IMG_0802-2.jpg\" data-width=\"1200\" data-height=\"900\" aria-label=\"\" role=\"img\" ><\/div>\n\t\t\t\t\t\t\t\t\t\t\t<div class=\"elementor-gallery-item__overlay\"><\/div>\n\t\t\t\t\t\t\t\t\t\t\t\t\t\t<\/div>\n\t\t\t\t\t\t\t<div class=\"e-gallery-item elementor-gallery-item elementor-animated-content\">\n\t\t\t\t\t<div class=\"e-gallery-image elementor-gallery-item__image\" data-thumbnail=\"https:\/\/olatzlarunbe.com\/wp-content\/uploads\/2026\/01\/IMG_0894-2.jpg\" data-width=\"1200\" data-height=\"938\" aria-label=\"\" role=\"img\" ><\/div>\n\t\t\t\t\t\t\t\t\t\t\t<div class=\"elementor-gallery-item__overlay\"><\/div>\n\t\t\t\t\t\t\t\t\t\t\t\t\t\t<\/div>\n\t\t\t\t\t\t\t<div class=\"e-gallery-item elementor-gallery-item elementor-animated-content\">\n\t\t\t\t\t<div class=\"e-gallery-image elementor-gallery-item__image\" data-thumbnail=\"https:\/\/olatzlarunbe.com\/wp-content\/uploads\/2026\/01\/IMG_0779-2.jpg\" data-width=\"1200\" data-height=\"900\" aria-label=\"\" role=\"img\" ><\/div>\n\t\t\t\t\t\t\t\t\t\t\t<div class=\"elementor-gallery-item__overlay\"><\/div>\n\t\t\t\t\t\t\t\t\t\t\t\t\t\t<\/div>\n\t\t\t\t\t\t\t<div class=\"e-gallery-item elementor-gallery-item elementor-animated-content\">\n\t\t\t\t\t<div class=\"e-gallery-image elementor-gallery-item__image\" data-thumbnail=\"https:\/\/olatzlarunbe.com\/wp-content\/uploads\/2026\/01\/Stills_1.11.2.jpg\" data-width=\"1200\" data-height=\"675\" aria-label=\"\" role=\"img\" ><\/div>\n\t\t\t\t\t\t\t\t\t\t\t<div class=\"elementor-gallery-item__overlay\"><\/div>\n\t\t\t\t\t\t\t\t\t\t\t\t\t\t<\/div>\n\t\t\t\t\t\t\t<div class=\"e-gallery-item elementor-gallery-item elementor-animated-content\">\n\t\t\t\t\t<div class=\"e-gallery-image elementor-gallery-item__image\" data-thumbnail=\"https:\/\/olatzlarunbe.com\/wp-content\/uploads\/2026\/01\/Stills_1.11.1.jpg\" data-width=\"1200\" data-height=\"675\" aria-label=\"\" role=\"img\" ><\/div>\n\t\t\t\t\t\t\t\t\t\t\t<div class=\"elementor-gallery-item__overlay\"><\/div>\n\t\t\t\t\t\t\t\t\t\t\t\t\t\t<\/div>\n\t\t\t\t\t\t\t<div class=\"e-gallery-item elementor-gallery-item elementor-animated-content\">\n\t\t\t\t\t<div class=\"e-gallery-image elementor-gallery-item__image\" data-thumbnail=\"https:\/\/olatzlarunbe.com\/wp-content\/uploads\/2026\/01\/Stills_1.10.2.jpg\" data-width=\"1200\" data-height=\"675\" aria-label=\"\" role=\"img\" ><\/div>\n\t\t\t\t\t\t\t\t\t\t\t<div class=\"elementor-gallery-item__overlay\"><\/div>\n\t\t\t\t\t\t\t\t\t\t\t\t\t\t<\/div>\n\t\t\t\t\t\t\t<div class=\"e-gallery-item elementor-gallery-item elementor-animated-content\">\n\t\t\t\t\t<div class=\"e-gallery-image elementor-gallery-item__image\" data-thumbnail=\"https:\/\/olatzlarunbe.com\/wp-content\/uploads\/2026\/01\/7I6A0959.jpg\" data-width=\"1200\" data-height=\"800\" aria-label=\"\" role=\"img\" ><\/div>\n\t\t\t\t\t\t\t\t\t\t\t<div class=\"elementor-gallery-item__overlay\"><\/div>\n\t\t\t\t\t\t\t\t\t\t\t\t\t\t<\/div>\n\t\t\t\t\t\t\t<div class=\"e-gallery-item elementor-gallery-item elementor-animated-content\">\n\t\t\t\t\t<div class=\"e-gallery-image elementor-gallery-item__image\" data-thumbnail=\"https:\/\/olatzlarunbe.com\/wp-content\/uploads\/2026\/01\/7I6A0971.jpg\" data-width=\"1200\" data-height=\"1800\" aria-label=\"\" role=\"img\" ><\/div>\n\t\t\t\t\t\t\t\t\t\t\t<div class=\"elementor-gallery-item__overlay\"><\/div>\n\t\t\t\t\t\t\t\t\t\t\t\t\t\t<\/div>\n\t\t\t\t\t\t\t<div class=\"e-gallery-item elementor-gallery-item elementor-animated-content\">\n\t\t\t\t\t<div class=\"e-gallery-image elementor-gallery-item__image\" data-thumbnail=\"https:\/\/olatzlarunbe.com\/wp-content\/uploads\/2026\/01\/image.jpg\" data-width=\"1200\" data-height=\"800\" aria-label=\"\" role=\"img\" ><\/div>\n\t\t\t\t\t\t\t\t\t\t\t<div class=\"elementor-gallery-item__overlay\"><\/div>\n\t\t\t\t\t\t\t\t\t\t\t\t\t\t<\/div>\n\t\t\t\t\t<\/div>\n\t\t\t\t\t<\/div>\n\t\t\t\t\t<\/div>\n\t\t\t\t<\/div>\n\t\t\t\t<\/div>","protected":false},"excerpt":{"rendered":"<p>BIOGRAF\u00cdA Olatz Larunbe inici\u00f3 su v\u00ednculo con el mundo del movimiento a trav\u00e9s de la gimnasia r\u00edtmica y las euskal dantzak. Tras formarse en la escuela de danza Diana Casas, continu\u00f3 su recorrido en el Conservatorio de Danza Jos\u00e9 Uru\u00f1uela (Vitoria-Gasteiz), donde descubri\u00f3 el universo cl\u00e1sico. Posteriormente, ampli\u00f3 su formaci\u00f3n en danza contempor\u00e1nea en espacios [&hellip;]<\/p>\n","protected":false},"author":1,"featured_media":0,"parent":0,"menu_order":0,"comment_status":"closed","ping_status":"closed","template":"","meta":{"footnotes":""},"class_list":["post-35","page","type-page","status-publish","hentry"],"_links":{"self":[{"href":"https:\/\/olatzlarunbe.com\/en\/wp-json\/wp\/v2\/pages\/35","targetHints":{"allow":["GET"]}}],"collection":[{"href":"https:\/\/olatzlarunbe.com\/en\/wp-json\/wp\/v2\/pages"}],"about":[{"href":"https:\/\/olatzlarunbe.com\/en\/wp-json\/wp\/v2\/types\/page"}],"author":[{"embeddable":true,"href":"https:\/\/olatzlarunbe.com\/en\/wp-json\/wp\/v2\/users\/1"}],"replies":[{"embeddable":true,"href":"https:\/\/olatzlarunbe.com\/en\/wp-json\/wp\/v2\/comments?post=35"}],"version-history":[{"count":61,"href":"https:\/\/olatzlarunbe.com\/en\/wp-json\/wp\/v2\/pages\/35\/revisions"}],"predecessor-version":[{"id":1579,"href":"https:\/\/olatzlarunbe.com\/en\/wp-json\/wp\/v2\/pages\/35\/revisions\/1579"}],"wp:attachment":[{"href":"https:\/\/olatzlarunbe.com\/en\/wp-json\/wp\/v2\/media?parent=35"}],"curies":[{"name":"wp","href":"https:\/\/api.w.org\/{rel}","templated":true}]}}