{"id":732,"date":"2026-01-15T19:50:35","date_gmt":"2026-01-15T18:50:35","guid":{"rendered":"https:\/\/olatzlarunbe.com\/?page_id=732"},"modified":"2026-03-10T12:42:35","modified_gmt":"2026-03-10T11:42:35","slug":"lorak-hamasei","status":"publish","type":"page","link":"https:\/\/olatzlarunbe.com\/en\/lorak-hamasei\/","title":{"rendered":"LORAK HAMASEI"},"content":{"rendered":"<div data-elementor-type=\"wp-page\" data-elementor-id=\"732\" class=\"elementor elementor-732\" data-elementor-post-type=\"page\">\n\t\t\t\t<div class=\"elementor-element elementor-element-c187e15 e-flex e-con-boxed e-con e-parent\" data-id=\"c187e15\" data-element_type=\"container\" data-e-type=\"container\" data-settings=\"{&quot;background_background&quot;:&quot;video&quot;,&quot;background_video_link&quot;:&quot;https:\\\/\\\/youtu.be\\\/fdtn99vK1rw&quot;,&quot;background_video_start&quot;:17,&quot;background_video_end&quot;:40,&quot;background_play_on_mobile&quot;:&quot;yes&quot;,&quot;background_privacy_mode&quot;:&quot;yes&quot;}\">\n\t\t\t\t\t<div class=\"e-con-inner\">\n\t\t<div class=\"elementor-background-video-container\">\n\t\t\t\t\t\t\t<div class=\"elementor-background-video-embed\" role=\"presentation\"><\/div>\n\t\t\t\t\t\t<\/div>\t\t<div class=\"elementor-element elementor-element-db39200 elementor-widget elementor-widget-heading\" data-id=\"db39200\" data-element_type=\"widget\" data-e-type=\"widget\" data-widget_type=\"heading.default\">\n\t\t\t\t\t<h1 class=\"elementor-heading-title elementor-size-default\">LORAK HAMASEI<\/h1>\t\t\t\t<\/div>\n\t\t\t\t\t<\/div>\n\t\t\t\t<\/div>\n\t\t<div class=\"elementor-element elementor-element-5479314 e-flex e-con-boxed e-con e-parent\" data-id=\"5479314\" data-element_type=\"container\" data-e-type=\"container\">\n\t\t\t\t\t<div class=\"e-con-inner\">\n\t\t<div class=\"elementor-element elementor-element-9a8e3a1 e-con-full e-flex e-con e-child\" data-id=\"9a8e3a1\" data-element_type=\"container\" data-e-type=\"container\">\n\t\t\t\t<div class=\"elementor-element elementor-element-42998f1 elementor-widget__width-initial elementor-invisible elementor-widget elementor-widget-text-editor\" data-id=\"42998f1\" data-element_type=\"widget\" data-e-type=\"widget\" data-settings=\"{&quot;_animation&quot;:&quot;fadeInUp&quot;,&quot;_animation_delay&quot;:400}\" data-widget_type=\"text-editor.default\">\n\t\t\t\t\t\t\t\t\t<p><b>Encargo: <\/b><span style=\"font-weight: 400;\">Escuela de Danza Ainhoa Eguizabal\u00a0<\/span><\/p><p><b>Duraci\u00f3n: <\/b><span style=\"font-weight: 400;\">15 minutos \/ <\/span><b>Formato: <\/b><span style=\"font-weight: 400;\">Sala y teatro<\/span><\/p><p><b>Lorak Hamasei<\/b><span style=\"font-weight: 400;\"> es un viaje visual y sensorial donde el cuerpo y el espacio se entrelazan a trav\u00e9s de la simbolog\u00eda de la ra\u00edz. La obra propone un retorno esencial: volver a la tierra, a aquello que nos sostiene, nos nutre y nos conecta.\u00a0<\/span><\/p><p><span style=\"font-weight: 400;\">Un abrazo, un grito y un beso irrumpen como gestos revolucionarios capaces de transformar la escena, detonando nuevas formas de v\u00ednculo y presencia. Diecis\u00e9is cuerpos en movimiento buscan su lugar dentro de un espacio y tiempo, tejiendo un entramado colectivo que sostiene, contiene y expande.<\/span><\/p>\t\t\t\t\t\t\t\t<\/div>\n\t\t\t\t<div class=\"elementor-element elementor-element-0715e26 elementor-widget__width-initial elementor-invisible elementor-widget elementor-widget-text-editor\" data-id=\"0715e26\" data-element_type=\"widget\" data-e-type=\"widget\" data-settings=\"{&quot;_animation&quot;:&quot;fadeInUp&quot;,&quot;_animation_delay&quot;:400}\" data-widget_type=\"text-editor.default\">\n\t\t\t\t\t\t\t\t\t<p><b>Direcci\u00f3n y concepto:<\/b><span style=\"font-weight: 400;\"> Olatz Larunbe\u00a0<\/span><\/p><p><b>Creaci\u00f3n y coreograf\u00eda: <\/b><span style=\"font-weight: 400;\">Olatz Larunbe<\/span><\/p><p><b>Interpretaci\u00f3n: <\/b><span style=\"font-weight: 400;\">Iratxe Soravilla, Andrea San Mart\u00edn, Aiora San Mart\u00edn, Amaya Hueda, Uxue Alonso, Eunate Alfonso, Ander Vergara, Ainara Garcia, Miren Gardoki, Uxue Olazar\u00e1n, Cristina Marco, Eva Ustarroz, Amalia Ramiro, Ainhoa Eguizabal, Olatz Larunbe,\u00a0<\/span><\/p><p><b>M\u00fasica: <\/b><span style=\"font-weight: 400;\">13 Angels Standing Guard Round The Side Of Yopur Bed y A Song For Our Fathers.\u00a0<\/span><\/p><p><b>Dise\u00f1o de vestuario: <\/b><span style=\"font-weight: 400;\">Olatz Larunbe\u00a0<\/span><\/p><p><b>T\u00e9cnico de iluminaci\u00f3n: <\/b><span style=\"font-weight: 400;\">LUR<\/span><\/p><p><b>Direcci\u00f3n audiovisual:<\/b><span style=\"font-weight: 400;\"> Samuel Guardamino<\/span><\/p>\t\t\t\t\t\t\t\t<\/div>\n\t\t\t\t<\/div>\n\t\t<div class=\"elementor-element elementor-element-377d108 e-con-full e-flex e-con e-child\" data-id=\"377d108\" data-element_type=\"container\" data-e-type=\"container\">\n\t\t\t\t<div class=\"elementor-element elementor-element-bcb3c11 elementor-widget elementor-widget-video\" data-id=\"bcb3c11\" data-element_type=\"widget\" data-e-type=\"widget\" data-settings=\"{&quot;youtube_url&quot;:&quot;https:\\\/\\\/youtu.be\\\/fdtn99vK1rw&quot;,&quot;yt_privacy&quot;:&quot;yes&quot;,&quot;lazy_load&quot;:&quot;yes&quot;,&quot;video_type&quot;:&quot;youtube&quot;,&quot;controls&quot;:&quot;yes&quot;}\" data-widget_type=\"video.default\">\n\t\t\t\t\t\t\t<div class=\"elementor-wrapper elementor-open-inline\">\n\t\t\t<div class=\"elementor-video\"><\/div>\t\t<\/div>\n\t\t\t\t\t\t<\/div>\n\t\t\t\t<\/div>\n\t\t\t\t\t<\/div>\n\t\t\t\t<\/div>\n\t\t<div class=\"elementor-element elementor-element-6024b53 e-flex e-con-boxed e-con e-parent\" data-id=\"6024b53\" data-element_type=\"container\" data-e-type=\"container\">\n\t\t\t\t\t<div class=\"e-con-inner\">\n\t\t<div class=\"elementor-element elementor-element-18fa03d e-con-full e-flex e-con e-child\" data-id=\"18fa03d\" data-element_type=\"container\" data-e-type=\"container\">\n\t\t\t\t<div class=\"elementor-element elementor-element-09f10ee elementor-widget elementor-widget-gallery\" data-id=\"09f10ee\" data-element_type=\"widget\" data-e-type=\"widget\" data-settings=\"{&quot;columns&quot;:3,&quot;columns_tablet&quot;:3,&quot;gap&quot;:{&quot;unit&quot;:&quot;px&quot;,&quot;size&quot;:5,&quot;sizes&quot;:[]},&quot;gap_tablet&quot;:{&quot;unit&quot;:&quot;px&quot;,&quot;size&quot;:5,&quot;sizes&quot;:[]},&quot;gap_mobile&quot;:{&quot;unit&quot;:&quot;px&quot;,&quot;size&quot;:5,&quot;sizes&quot;:[]},&quot;aspect_ratio&quot;:&quot;1:1&quot;,&quot;lazyload&quot;:&quot;yes&quot;,&quot;gallery_layout&quot;:&quot;grid&quot;,&quot;columns_mobile&quot;:1,&quot;overlay_background&quot;:&quot;yes&quot;,&quot;content_hover_animation&quot;:&quot;fade-in&quot;}\" data-widget_type=\"gallery.default\">\n\t\t\t\t\t\t\t<div class=\"elementor-gallery__container\">\n\t\t\t\t\t\t\t<div class=\"e-gallery-item elementor-gallery-item elementor-animated-content\">\n\t\t\t\t\t<div class=\"e-gallery-image elementor-gallery-item__image\" data-thumbnail=\"https:\/\/olatzlarunbe.com\/wp-content\/uploads\/2026\/01\/df8da540-3186-4451-ae70-b9f47dffe9c8.jpg\" data-width=\"1200\" data-height=\"675\" aria-label=\"\" role=\"img\" ><\/div>\n\t\t\t\t\t\t\t\t\t\t\t<div class=\"elementor-gallery-item__overlay\"><\/div>\n\t\t\t\t\t\t\t\t\t\t\t\t\t\t<\/div>\n\t\t\t\t\t\t\t<div class=\"e-gallery-item elementor-gallery-item elementor-animated-content\">\n\t\t\t\t\t<div class=\"e-gallery-image elementor-gallery-item__image\" data-thumbnail=\"https:\/\/olatzlarunbe.com\/wp-content\/uploads\/2026\/01\/a4062761-fa13-4ef4-8daa-be85dec8d5ab.jpg\" data-width=\"1200\" data-height=\"800\" aria-label=\"\" role=\"img\" ><\/div>\n\t\t\t\t\t\t\t\t\t\t\t<div class=\"elementor-gallery-item__overlay\"><\/div>\n\t\t\t\t\t\t\t\t\t\t\t\t\t\t<\/div>\n\t\t\t\t\t\t\t<div class=\"e-gallery-item elementor-gallery-item elementor-animated-content\">\n\t\t\t\t\t<div class=\"e-gallery-image elementor-gallery-item__image\" data-thumbnail=\"https:\/\/olatzlarunbe.com\/wp-content\/uploads\/2026\/01\/a8e4bd4a-65bf-4bcb-8e5f-3d2fc9f2e5fa.jpg\" data-width=\"1200\" data-height=\"675\" aria-label=\"\" role=\"img\" ><\/div>\n\t\t\t\t\t\t\t\t\t\t\t<div class=\"elementor-gallery-item__overlay\"><\/div>\n\t\t\t\t\t\t\t\t\t\t\t\t\t\t<\/div>\n\t\t\t\t\t\t\t<div class=\"e-gallery-item elementor-gallery-item elementor-animated-content\">\n\t\t\t\t\t<div class=\"e-gallery-image elementor-gallery-item__image\" data-thumbnail=\"https:\/\/olatzlarunbe.com\/wp-content\/uploads\/2026\/01\/93647cd6-641b-425e-bf91-64bf64170bad.jpg\" data-width=\"1200\" data-height=\"990\" aria-label=\"\" role=\"img\" ><\/div>\n\t\t\t\t\t\t\t\t\t\t\t<div class=\"elementor-gallery-item__overlay\"><\/div>\n\t\t\t\t\t\t\t\t\t\t\t\t\t\t<\/div>\n\t\t\t\t\t\t\t<div class=\"e-gallery-item elementor-gallery-item elementor-animated-content\">\n\t\t\t\t\t<div class=\"e-gallery-image elementor-gallery-item__image\" data-thumbnail=\"https:\/\/olatzlarunbe.com\/wp-content\/uploads\/2026\/01\/79013a06-13cc-4593-ab9d-d2765b9968f3.jpg\" data-width=\"1200\" data-height=\"1208\" aria-label=\"\" role=\"img\" ><\/div>\n\t\t\t\t\t\t\t\t\t\t\t<div class=\"elementor-gallery-item__overlay\"><\/div>\n\t\t\t\t\t\t\t\t\t\t\t\t\t\t<\/div>\n\t\t\t\t\t\t\t<div class=\"e-gallery-item elementor-gallery-item elementor-animated-content\">\n\t\t\t\t\t<div class=\"e-gallery-image elementor-gallery-item__image\" data-thumbnail=\"https:\/\/olatzlarunbe.com\/wp-content\/uploads\/2026\/01\/0321eb29-4446-4021-9a97-d01c4ab4f846.jpg\" data-width=\"1200\" data-height=\"800\" aria-label=\"\" role=\"img\" ><\/div>\n\t\t\t\t\t\t\t\t\t\t\t<div class=\"elementor-gallery-item__overlay\"><\/div>\n\t\t\t\t\t\t\t\t\t\t\t\t\t\t<\/div>\n\t\t\t\t\t\t\t<div class=\"e-gallery-item elementor-gallery-item elementor-animated-content\">\n\t\t\t\t\t<div class=\"e-gallery-image elementor-gallery-item__image\" data-thumbnail=\"https:\/\/olatzlarunbe.com\/wp-content\/uploads\/2026\/01\/68cc7d1c-cadf-4fb1-b86d-f1a082f7bc32.jpg\" data-width=\"1200\" data-height=\"800\" aria-label=\"\" role=\"img\" ><\/div>\n\t\t\t\t\t\t\t\t\t\t\t<div class=\"elementor-gallery-item__overlay\"><\/div>\n\t\t\t\t\t\t\t\t\t\t\t\t\t\t<\/div>\n\t\t\t\t\t\t\t<div class=\"e-gallery-item elementor-gallery-item elementor-animated-content\">\n\t\t\t\t\t<div class=\"e-gallery-image elementor-gallery-item__image\" data-thumbnail=\"https:\/\/olatzlarunbe.com\/wp-content\/uploads\/2026\/01\/9f9f9beb-04c1-4f8a-918c-bc5062c300dd.jpg\" data-width=\"1200\" data-height=\"675\" aria-label=\"\" role=\"img\" ><\/div>\n\t\t\t\t\t\t\t\t\t\t\t<div class=\"elementor-gallery-item__overlay\"><\/div>\n\t\t\t\t\t\t\t\t\t\t\t\t\t\t<\/div>\n\t\t\t\t\t\t\t<div class=\"e-gallery-item elementor-gallery-item elementor-animated-content\">\n\t\t\t\t\t<div class=\"e-gallery-image elementor-gallery-item__image\" data-thumbnail=\"https:\/\/olatzlarunbe.com\/wp-content\/uploads\/2026\/01\/8e654f1a-83fd-49d8-935c-482a05570e1c.jpg\" data-width=\"1200\" data-height=\"800\" aria-label=\"\" role=\"img\" ><\/div>\n\t\t\t\t\t\t\t\t\t\t\t<div class=\"elementor-gallery-item__overlay\"><\/div>\n\t\t\t\t\t\t\t\t\t\t\t\t\t\t<\/div>\n\t\t\t\t\t<\/div>\n\t\t\t\t\t<\/div>\n\t\t\t\t<\/div>\n\t\t\t\t\t<\/div>\n\t\t\t\t<\/div>\n\t\t<div class=\"elementor-element elementor-element-a398409 e-flex e-con-boxed e-con e-parent\" data-id=\"a398409\" data-element_type=\"container\" data-e-type=\"container\">\n\t\t\t\t\t<div class=\"e-con-inner\">\n\t\t<div class=\"elementor-element elementor-element-99ff890 e-con-full e-grid e-con e-child\" data-id=\"99ff890\" data-element_type=\"container\" data-e-type=\"container\">\n\t\t\t\t<div class=\"elementor-element elementor-element-ddcd89c elementor-align-center elementor-mobile-align-center elementor-invisible elementor-widget elementor-widget-button\" data-id=\"ddcd89c\" data-element_type=\"widget\" data-e-type=\"widget\" data-settings=\"{&quot;_animation&quot;:&quot;fadeInUp&quot;,&quot;_animation_delay&quot;:600}\" data-widget_type=\"button.default\">\n\t\t\t\t\t\t\t\t\t\t<a class=\"elementor-button elementor-button-link elementor-size-sm\" href=\"https:\/\/olatzlarunbe.com\/en\/creaciones\/\">\n\t\t\t\t\t\t<span class=\"elementor-button-content-wrapper\">\n\t\t\t\t\t\t\t\t\t<span class=\"elementor-button-text\">Ver otros trabajos<\/span>\n\t\t\t\t\t<\/span>\n\t\t\t\t\t<\/a>\n\t\t\t\t\t\t\t\t<\/div>\n\t\t\t\t<\/div>\n\t\t\t\t\t<\/div>\n\t\t\t\t<\/div>\n\t\t\t\t<\/div>","protected":false},"excerpt":{"rendered":"<p>LORAK HAMASEI Encargo: Escuela de Danza Ainhoa Eguizabal\u00a0 Duraci\u00f3n: 15 minutos \/ Formato: Sala y teatro Lorak Hamasei es un viaje visual y sensorial donde el cuerpo y el espacio se entrelazan a trav\u00e9s de la simbolog\u00eda de la ra\u00edz. La obra propone un retorno esencial: volver a la tierra, a aquello que nos sostiene, [&hellip;]<\/p>\n","protected":false},"author":1,"featured_media":0,"parent":0,"menu_order":0,"comment_status":"closed","ping_status":"closed","template":"","meta":{"footnotes":""},"class_list":["post-732","page","type-page","status-publish","hentry"],"_links":{"self":[{"href":"https:\/\/olatzlarunbe.com\/en\/wp-json\/wp\/v2\/pages\/732","targetHints":{"allow":["GET"]}}],"collection":[{"href":"https:\/\/olatzlarunbe.com\/en\/wp-json\/wp\/v2\/pages"}],"about":[{"href":"https:\/\/olatzlarunbe.com\/en\/wp-json\/wp\/v2\/types\/page"}],"author":[{"embeddable":true,"href":"https:\/\/olatzlarunbe.com\/en\/wp-json\/wp\/v2\/users\/1"}],"replies":[{"embeddable":true,"href":"https:\/\/olatzlarunbe.com\/en\/wp-json\/wp\/v2\/comments?post=732"}],"version-history":[{"count":34,"href":"https:\/\/olatzlarunbe.com\/en\/wp-json\/wp\/v2\/pages\/732\/revisions"}],"predecessor-version":[{"id":1603,"href":"https:\/\/olatzlarunbe.com\/en\/wp-json\/wp\/v2\/pages\/732\/revisions\/1603"}],"wp:attachment":[{"href":"https:\/\/olatzlarunbe.com\/en\/wp-json\/wp\/v2\/media?parent=732"}],"curies":[{"name":"wp","href":"https:\/\/api.w.org\/{rel}","templated":true}]}}