{"id":773,"date":"2026-01-15T20:13:07","date_gmt":"2026-01-15T19:13:07","guid":{"rendered":"https:\/\/olatzlarunbe.com\/?page_id=773"},"modified":"2026-03-10T12:32:19","modified_gmt":"2026-03-10T11:32:19","slug":"ihtok-calle","status":"publish","type":"page","link":"https:\/\/olatzlarunbe.com\/en\/ihtok-calle\/","title":{"rendered":"IHTOK calle"},"content":{"rendered":"<div data-elementor-type=\"wp-page\" data-elementor-id=\"773\" class=\"elementor elementor-773\" data-elementor-post-type=\"page\">\n\t\t\t\t<div class=\"elementor-element elementor-element-08777d0 e-flex e-con-boxed e-con e-parent\" data-id=\"08777d0\" data-element_type=\"container\" data-e-type=\"container\" data-settings=\"{&quot;background_background&quot;:&quot;video&quot;,&quot;background_video_link&quot;:&quot;https:\\\/\\\/youtu.be\\\/Te_I7xDfmTI&quot;,&quot;background_video_start&quot;:462,&quot;background_video_end&quot;:488,&quot;background_play_on_mobile&quot;:&quot;yes&quot;,&quot;background_privacy_mode&quot;:&quot;yes&quot;}\">\n\t\t\t\t\t<div class=\"e-con-inner\">\n\t\t<div class=\"elementor-background-video-container\">\n\t\t\t\t\t\t\t<div class=\"elementor-background-video-embed\" role=\"presentation\"><\/div>\n\t\t\t\t\t\t<\/div>\t\t<div class=\"elementor-element elementor-element-8768c0c elementor-widget elementor-widget-heading\" data-id=\"8768c0c\" data-element_type=\"widget\" data-e-type=\"widget\" data-widget_type=\"heading.default\">\n\t\t\t\t\t<h1 class=\"elementor-heading-title elementor-size-default\">IHTOK<\/h1>\t\t\t\t<\/div>\n\t\t\t\t\t<\/div>\n\t\t\t\t<\/div>\n\t\t<div class=\"elementor-element elementor-element-c59b548 e-flex e-con-boxed e-con e-parent\" data-id=\"c59b548\" data-element_type=\"container\" data-e-type=\"container\">\n\t\t\t\t\t<div class=\"e-con-inner\">\n\t\t<div class=\"elementor-element elementor-element-73203f6 e-con-full e-flex e-con e-child\" data-id=\"73203f6\" data-element_type=\"container\" data-e-type=\"container\">\n\t\t\t\t<div class=\"elementor-element elementor-element-37a27d0 elementor-widget__width-initial elementor-invisible elementor-widget elementor-widget-text-editor\" data-id=\"37a27d0\" data-element_type=\"widget\" data-e-type=\"widget\" data-settings=\"{&quot;_animation&quot;:&quot;fadeInUp&quot;,&quot;_animation_delay&quot;:400}\" data-widget_type=\"text-editor.default\">\n\t\t\t\t\t\t\t\t\t<p><b>Duraci\u00f3n: <\/b><span style=\"font-weight: 400;\">15 minutos\u00a0 \/\u00a0 <\/span><b>Formato: <\/b><span style=\"font-weight: 400;\">Calle y\/o espacios no convencionales.<\/span><b>\u00a0<\/b><\/p><p><i><span style=\"font-weight: 400;\">Las diferencias y coincidencias entre dos personajes crean un di\u00e1logo desde sus idiosincrasias, un lugar donde reconocen e intercambian rasgos culturales, temperamentos y formas de existir.\u00a0<\/span><\/i><\/p><p><i><span style=\"font-weight: 400;\">Durante un tiempo finito, experimentan el cruce de sus contextos y c\u00f3mo este fen\u00f3meno los transforma, provocando una revoluci\u00f3n en s\u00ed mismos.<\/span><\/i><\/p><p><i><span style=\"font-weight: 400;\">IHTOK invita a reflexionar sobre los prejuicios inconscientes y el valor de la diversidad cultural a trav\u00e9s de una narrativa de movimiento.<\/span><\/i><\/p>\t\t\t\t\t\t\t\t<\/div>\n\t\t\t\t<div class=\"elementor-element elementor-element-73176dd elementor-widget__width-initial elementor-invisible elementor-widget elementor-widget-text-editor\" data-id=\"73176dd\" data-element_type=\"widget\" data-e-type=\"widget\" data-settings=\"{&quot;_animation&quot;:&quot;fadeInUp&quot;,&quot;_animation_delay&quot;:400}\" data-widget_type=\"text-editor.default\">\n\t\t\t\t\t\t\t\t\t<p><b>Direcci\u00f3n y concepto:<\/b><span style=\"font-weight: 400;\"> Olatz Larunbe y Alfonso Aguilar<\/span><\/p><p><b>Creaci\u00f3n e interpretaci\u00f3n:<\/b><span style=\"font-weight: 400;\">Olatz Larunbe y Alfonso Aguilar<\/span><\/p><p><b>Registro audiovisual:<\/b><span style=\"font-weight: 400;\"> Idoia Rodr\u00edguez<\/span><\/p><p><b>M\u00fasica original: <\/b><span style=\"font-weight: 400;\">Daniel Munarriz<\/span><\/p><p><b>Adaptaci\u00f3n sonora: <\/b><span style=\"font-weight: 400;\">Alfonso Aguilar<\/span><\/p><p><b>Dise\u00f1o de vestuario: <\/b><span style=\"font-weight: 400;\">Aiora Ganuza\u00a0<\/span><\/p><p><b>Adaptaci\u00f3n de vestuario: <\/b><span style=\"font-weight: 400;\">Rakel Azkona<\/span><\/p>\t\t\t\t\t\t\t\t<\/div>\n\t\t\t\t<\/div>\n\t\t\t\t\t<\/div>\n\t\t\t\t<\/div>\n\t\t<div class=\"elementor-element elementor-element-4a6241c e-flex e-con-boxed e-con e-parent\" data-id=\"4a6241c\" data-element_type=\"container\" data-e-type=\"container\">\n\t\t\t\t\t<div class=\"e-con-inner\">\n\t\t<div class=\"elementor-element elementor-element-6412c58 e-con-full e-flex e-con e-child\" data-id=\"6412c58\" data-element_type=\"container\" data-e-type=\"container\">\n\t\t\t\t<div class=\"elementor-element elementor-element-75df08b elementor-widget elementor-widget-gallery\" data-id=\"75df08b\" data-element_type=\"widget\" data-e-type=\"widget\" data-settings=\"{&quot;columns&quot;:3,&quot;columns_tablet&quot;:3,&quot;gap&quot;:{&quot;unit&quot;:&quot;px&quot;,&quot;size&quot;:5,&quot;sizes&quot;:[]},&quot;gap_tablet&quot;:{&quot;unit&quot;:&quot;px&quot;,&quot;size&quot;:5,&quot;sizes&quot;:[]},&quot;gap_mobile&quot;:{&quot;unit&quot;:&quot;px&quot;,&quot;size&quot;:5,&quot;sizes&quot;:[]},&quot;aspect_ratio&quot;:&quot;1:1&quot;,&quot;lazyload&quot;:&quot;yes&quot;,&quot;gallery_layout&quot;:&quot;grid&quot;,&quot;columns_mobile&quot;:1,&quot;overlay_background&quot;:&quot;yes&quot;,&quot;content_hover_animation&quot;:&quot;fade-in&quot;}\" data-widget_type=\"gallery.default\">\n\t\t\t\t\t\t\t<div class=\"elementor-gallery__container\">\n\t\t\t\t\t\t\t<div class=\"e-gallery-item elementor-gallery-item elementor-animated-content\">\n\t\t\t\t\t<div class=\"e-gallery-image elementor-gallery-item__image\" data-thumbnail=\"https:\/\/olatzlarunbe.com\/wp-content\/uploads\/2026\/01\/IMG_20251130_152318_3.jpg\" data-width=\"800\" data-height=\"1422\" aria-label=\"\" role=\"img\" ><\/div>\n\t\t\t\t\t\t\t\t\t\t\t<div class=\"elementor-gallery-item__overlay\"><\/div>\n\t\t\t\t\t\t\t\t\t\t\t\t\t\t<\/div>\n\t\t\t\t\t\t\t<div class=\"e-gallery-item elementor-gallery-item elementor-animated-content\">\n\t\t\t\t\t<div class=\"e-gallery-image elementor-gallery-item__image\" data-thumbnail=\"https:\/\/olatzlarunbe.com\/wp-content\/uploads\/2026\/01\/IMG_20251130_161805.jpg\" data-width=\"1200\" data-height=\"675\" aria-label=\"\" role=\"img\" ><\/div>\n\t\t\t\t\t\t\t\t\t\t\t<div class=\"elementor-gallery-item__overlay\"><\/div>\n\t\t\t\t\t\t\t\t\t\t\t\t\t\t<\/div>\n\t\t\t\t\t\t\t<div class=\"e-gallery-item elementor-gallery-item elementor-animated-content\">\n\t\t\t\t\t<div class=\"e-gallery-image elementor-gallery-item__image\" data-thumbnail=\"https:\/\/olatzlarunbe.com\/wp-content\/uploads\/2026\/01\/IMG_20251130_161531.jpg\" data-width=\"1200\" data-height=\"675\" aria-label=\"\" role=\"img\" ><\/div>\n\t\t\t\t\t\t\t\t\t\t\t<div class=\"elementor-gallery-item__overlay\"><\/div>\n\t\t\t\t\t\t\t\t\t\t\t\t\t\t<\/div>\n\t\t\t\t\t\t\t<div class=\"e-gallery-item elementor-gallery-item elementor-animated-content\">\n\t\t\t\t\t<div class=\"e-gallery-image elementor-gallery-item__image\" data-thumbnail=\"https:\/\/olatzlarunbe.com\/wp-content\/uploads\/2026\/01\/IMG_20251130_160744.jpg\" data-width=\"1200\" data-height=\"675\" aria-label=\"\" role=\"img\" ><\/div>\n\t\t\t\t\t\t\t\t\t\t\t<div class=\"elementor-gallery-item__overlay\"><\/div>\n\t\t\t\t\t\t\t\t\t\t\t\t\t\t<\/div>\n\t\t\t\t\t\t\t<div class=\"e-gallery-item elementor-gallery-item elementor-animated-content\">\n\t\t\t\t\t<div class=\"e-gallery-image elementor-gallery-item__image\" data-thumbnail=\"https:\/\/olatzlarunbe.com\/wp-content\/uploads\/2026\/01\/IMG_20251130_160721.jpg\" data-width=\"1200\" data-height=\"675\" aria-label=\"\" role=\"img\" ><\/div>\n\t\t\t\t\t\t\t\t\t\t\t<div class=\"elementor-gallery-item__overlay\"><\/div>\n\t\t\t\t\t\t\t\t\t\t\t\t\t\t<\/div>\n\t\t\t\t\t\t\t<div class=\"e-gallery-item elementor-gallery-item elementor-animated-content\">\n\t\t\t\t\t<div class=\"e-gallery-image elementor-gallery-item__image\" data-thumbnail=\"https:\/\/olatzlarunbe.com\/wp-content\/uploads\/2026\/01\/IMG_20251130_160545.jpg\" data-width=\"1200\" data-height=\"675\" aria-label=\"\" role=\"img\" ><\/div>\n\t\t\t\t\t\t\t\t\t\t\t<div class=\"elementor-gallery-item__overlay\"><\/div>\n\t\t\t\t\t\t\t\t\t\t\t\t\t\t<\/div>\n\t\t\t\t\t\t\t<div class=\"e-gallery-item elementor-gallery-item elementor-animated-content\">\n\t\t\t\t\t<div class=\"e-gallery-image elementor-gallery-item__image\" data-thumbnail=\"https:\/\/olatzlarunbe.com\/wp-content\/uploads\/2026\/01\/IMG_20251130_160220_1.jpg\" data-width=\"1200\" data-height=\"675\" aria-label=\"\" role=\"img\" ><\/div>\n\t\t\t\t\t\t\t\t\t\t\t<div class=\"elementor-gallery-item__overlay\"><\/div>\n\t\t\t\t\t\t\t\t\t\t\t\t\t\t<\/div>\n\t\t\t\t\t\t\t<div class=\"e-gallery-item elementor-gallery-item elementor-animated-content\">\n\t\t\t\t\t<div class=\"e-gallery-image elementor-gallery-item__image\" data-thumbnail=\"https:\/\/olatzlarunbe.com\/wp-content\/uploads\/2026\/01\/IMG_20251130_155857.jpg\" data-width=\"1200\" data-height=\"675\" aria-label=\"\" role=\"img\" ><\/div>\n\t\t\t\t\t\t\t\t\t\t\t<div class=\"elementor-gallery-item__overlay\"><\/div>\n\t\t\t\t\t\t\t\t\t\t\t\t\t\t<\/div>\n\t\t\t\t\t\t\t<div class=\"e-gallery-item elementor-gallery-item elementor-animated-content\">\n\t\t\t\t\t<div class=\"e-gallery-image elementor-gallery-item__image\" data-thumbnail=\"https:\/\/olatzlarunbe.com\/wp-content\/uploads\/2026\/01\/IMG_20251130_160205.jpg\" data-width=\"1200\" data-height=\"675\" aria-label=\"\" role=\"img\" ><\/div>\n\t\t\t\t\t\t\t\t\t\t\t<div class=\"elementor-gallery-item__overlay\"><\/div>\n\t\t\t\t\t\t\t\t\t\t\t\t\t\t<\/div>\n\t\t\t\t\t\t\t<div class=\"e-gallery-item elementor-gallery-item elementor-animated-content\">\n\t\t\t\t\t<div class=\"e-gallery-image elementor-gallery-item__image\" data-thumbnail=\"https:\/\/olatzlarunbe.com\/wp-content\/uploads\/2026\/01\/IMG_20251130_152320.jpg\" data-width=\"800\" data-height=\"1422\" aria-label=\"\" role=\"img\" ><\/div>\n\t\t\t\t\t\t\t\t\t\t\t<div class=\"elementor-gallery-item__overlay\"><\/div>\n\t\t\t\t\t\t\t\t\t\t\t\t\t\t<\/div>\n\t\t\t\t\t<\/div>\n\t\t\t\t\t<\/div>\n\t\t\t\t<\/div>\n\t\t\t\t\t<\/div>\n\t\t\t\t<\/div>\n\t\t<div class=\"elementor-element elementor-element-7bc29bc e-flex e-con-boxed e-con e-parent\" data-id=\"7bc29bc\" data-element_type=\"container\" data-e-type=\"container\">\n\t\t\t\t\t<div class=\"e-con-inner\">\n\t\t<div class=\"elementor-element elementor-element-bec1a76 e-con-full e-grid e-con e-child\" data-id=\"bec1a76\" data-element_type=\"container\" data-e-type=\"container\">\n\t\t\t\t<div class=\"elementor-element elementor-element-6dc1629 elementor-align-center elementor-mobile-align-center elementor-invisible elementor-widget elementor-widget-button\" data-id=\"6dc1629\" data-element_type=\"widget\" data-e-type=\"widget\" data-settings=\"{&quot;_animation&quot;:&quot;fadeInUp&quot;,&quot;_animation_delay&quot;:600}\" data-widget_type=\"button.default\">\n\t\t\t\t\t\t\t\t\t\t<a class=\"elementor-button elementor-button-link elementor-size-sm\" href=\"https:\/\/olatzlarunbe.com\/en\/creaciones\/\">\n\t\t\t\t\t\t<span class=\"elementor-button-content-wrapper\">\n\t\t\t\t\t\t\t\t\t<span class=\"elementor-button-text\">Ver otros trabajos<\/span>\n\t\t\t\t\t<\/span>\n\t\t\t\t\t<\/a>\n\t\t\t\t\t\t\t\t<\/div>\n\t\t\t\t<\/div>\n\t\t\t\t\t<\/div>\n\t\t\t\t<\/div>\n\t\t\t\t<\/div>","protected":false},"excerpt":{"rendered":"<p>IHTOK Duraci\u00f3n: 15 minutos\u00a0 \/\u00a0 Formato: Calle y\/o espacios no convencionales.\u00a0 Las diferencias y coincidencias entre dos personajes crean un di\u00e1logo desde sus idiosincrasias, un lugar donde reconocen e intercambian rasgos culturales, temperamentos y formas de existir.\u00a0 Durante un tiempo finito, experimentan el cruce de sus contextos y c\u00f3mo este fen\u00f3meno los transforma, provocando una [&hellip;]<\/p>\n","protected":false},"author":1,"featured_media":0,"parent":0,"menu_order":0,"comment_status":"closed","ping_status":"closed","template":"","meta":{"footnotes":""},"class_list":["post-773","page","type-page","status-publish","hentry"],"_links":{"self":[{"href":"https:\/\/olatzlarunbe.com\/en\/wp-json\/wp\/v2\/pages\/773","targetHints":{"allow":["GET"]}}],"collection":[{"href":"https:\/\/olatzlarunbe.com\/en\/wp-json\/wp\/v2\/pages"}],"about":[{"href":"https:\/\/olatzlarunbe.com\/en\/wp-json\/wp\/v2\/types\/page"}],"author":[{"embeddable":true,"href":"https:\/\/olatzlarunbe.com\/en\/wp-json\/wp\/v2\/users\/1"}],"replies":[{"embeddable":true,"href":"https:\/\/olatzlarunbe.com\/en\/wp-json\/wp\/v2\/comments?post=773"}],"version-history":[{"count":25,"href":"https:\/\/olatzlarunbe.com\/en\/wp-json\/wp\/v2\/pages\/773\/revisions"}],"predecessor-version":[{"id":1591,"href":"https:\/\/olatzlarunbe.com\/en\/wp-json\/wp\/v2\/pages\/773\/revisions\/1591"}],"wp:attachment":[{"href":"https:\/\/olatzlarunbe.com\/en\/wp-json\/wp\/v2\/media?parent=773"}],"curies":[{"name":"wp","href":"https:\/\/api.w.org\/{rel}","templated":true}]}}