{"id":809,"date":"2026-01-15T20:27:33","date_gmt":"2026-01-15T19:27:33","guid":{"rendered":"https:\/\/olatzlarunbe.com\/?page_id=809"},"modified":"2026-03-10T12:31:13","modified_gmt":"2026-03-10T11:31:13","slug":"etena-dena","status":"publish","type":"page","link":"https:\/\/olatzlarunbe.com\/en\/etena-dena\/","title":{"rendered":"ETENA DENA"},"content":{"rendered":"<div data-elementor-type=\"wp-page\" data-elementor-id=\"809\" class=\"elementor elementor-809\" data-elementor-post-type=\"page\">\n\t\t\t\t<div class=\"elementor-element elementor-element-b833d36 e-flex e-con-boxed e-con e-parent\" data-id=\"b833d36\" data-element_type=\"container\" data-e-type=\"container\" data-settings=\"{&quot;background_background&quot;:&quot;video&quot;,&quot;background_video_link&quot;:&quot;https:\\\/\\\/youtu.be\\\/Qb4kxB3dGCM&quot;,&quot;background_video_start&quot;:20,&quot;background_video_end&quot;:59,&quot;background_play_on_mobile&quot;:&quot;yes&quot;,&quot;background_privacy_mode&quot;:&quot;yes&quot;}\">\n\t\t\t\t\t<div class=\"e-con-inner\">\n\t\t<div class=\"elementor-background-video-container\">\n\t\t\t\t\t\t\t<div class=\"elementor-background-video-embed\" role=\"presentation\"><\/div>\n\t\t\t\t\t\t<\/div>\t\t<div class=\"elementor-element elementor-element-5c1e97e elementor-widget elementor-widget-heading\" data-id=\"5c1e97e\" data-element_type=\"widget\" data-e-type=\"widget\" data-widget_type=\"heading.default\">\n\t\t\t\t\t<h1 class=\"elementor-heading-title elementor-size-default\">ETENA DENA<\/h1>\t\t\t\t<\/div>\n\t\t\t\t\t<\/div>\n\t\t\t\t<\/div>\n\t\t<div class=\"elementor-element elementor-element-fafc2bc e-flex e-con-boxed e-con e-parent\" data-id=\"fafc2bc\" data-element_type=\"container\" data-e-type=\"container\">\n\t\t\t\t\t<div class=\"e-con-inner\">\n\t\t<div class=\"elementor-element elementor-element-290fb4f e-con-full e-flex e-con e-child\" data-id=\"290fb4f\" data-element_type=\"container\" data-e-type=\"container\">\n\t\t\t\t<div class=\"elementor-element elementor-element-529ee90 elementor-widget__width-initial elementor-invisible elementor-widget elementor-widget-text-editor\" data-id=\"529ee90\" data-element_type=\"widget\" data-e-type=\"widget\" data-settings=\"{&quot;_animation&quot;:&quot;fadeInUp&quot;,&quot;_animation_delay&quot;:400}\" data-widget_type=\"text-editor.default\">\n\t\t\t\t\t\t\t\t\t<p><b>Duraci\u00f3n: <\/b><span style=\"font-weight: 400;\">50 minutos\u00a0 \/\u00a0 <\/span><b>Formato: <\/b><span style=\"font-weight: 400;\">Sala y teatros<\/span><\/p><p><i><span style=\"font-weight: 400;\">Vivimos atrapadas en la prisa del instante.<\/span><\/i><\/p><p><i><span style=\"font-weight: 400;\">Un v\u00e9rtigo continuo nos arrastra, como si el ahora solo existiera para ser consumido.<\/span><\/i><\/p><p><i><span style=\"font-weight: 400;\">Todo es ya, todo es poco.<\/span><\/i><\/p><p><i><span style=\"font-weight: 400;\">Todo se vuelve fugaz, insuficiente.<\/span><\/i><\/p><p><i><span style=\"font-weight: 400;\">\u00bfQu\u00e9 pasar\u00eda si el ahora no fuera urgencia, sino presencia?<\/span><\/i><\/p><p><i><span style=\"font-weight: 400;\">\u00bfQu\u00e9 pasar\u00eda si la escena fuera una forma de resistir la prisa, de tocar el tiempo con el cuerpo y hacerlo eterno, aunque solo sea por unos segundos?<\/span><\/i><\/p>\t\t\t\t\t\t\t\t<\/div>\n\t\t\t\t<div class=\"elementor-element elementor-element-0cd7f23 elementor-widget__width-initial elementor-invisible elementor-widget elementor-widget-text-editor\" data-id=\"0cd7f23\" data-element_type=\"widget\" data-e-type=\"widget\" data-settings=\"{&quot;_animation&quot;:&quot;fadeInUp&quot;,&quot;_animation_delay&quot;:400}\" data-widget_type=\"text-editor.default\">\n\t\t\t\t\t\t\t\t\t<p><b>Direcci\u00f3n y concepto: <\/b><span style=\"font-weight: 400;\">Olatz Larunbe\u00a0<\/span><\/p><p><b>Creaci\u00f3n e interpretaci\u00f3n:<\/b><span style=\"font-weight: 400;\"> Olatz Larunbe, Olaia Valle, Maddi Mu\u00f1oz, Clarissa Costagliola<\/span><\/p><p><b>M\u00fasica original: <\/b><span style=\"font-weight: 400;\">Daniel Munarriz<\/span><\/p><p><b>Dise\u00f1o de iluminaci\u00f3n y t\u00e9cnico en gira:<\/b><span style=\"font-weight: 400;\"> Fermin Izko<\/span><\/p><p><b>Dise\u00f1o de vestuario:<\/b><span style=\"font-weight: 400;\"> Rakel Azkona<\/span><\/p><p><b>Asistencia de direcci\u00f3n y movimiento:<\/b><span style=\"font-weight: 400;\"> Alfonso Aguilar<\/span><\/p><p><b>Direcci\u00f3n audiovisual<\/b><span style=\"font-weight: 400;\">: B\u00e1rbara Fern\u00e1ndez y David Mendiz\u00e1bal<\/span><\/p><p><b>Comunicaci\u00f3n y dise\u00f1o gr\u00e1fico: <\/b><span style=\"font-weight: 400;\">B\u00e1rbara P\u00e9rez<\/span><\/p><p><b>Asesora:<\/b><span style=\"font-weight: 400;\"> Aurkene Zaldua<\/span><\/p><p><b>Colaboraciones:\u00a0 <\/b><span style=\"font-weight: 400;\">Gobierno de Navarra, Centro Cultural Iortia (Altsasu)<\/span><\/p>\t\t\t\t\t\t\t\t<\/div>\n\t\t\t\t<\/div>\n\t\t<div class=\"elementor-element elementor-element-6034265 e-con-full e-flex e-con e-child\" data-id=\"6034265\" data-element_type=\"container\" data-e-type=\"container\">\n\t\t\t\t<div class=\"elementor-element elementor-element-a80ec58 elementor-widget elementor-widget-video\" data-id=\"a80ec58\" data-element_type=\"widget\" data-e-type=\"widget\" data-settings=\"{&quot;youtube_url&quot;:&quot;https:\\\/\\\/www.youtube.com\\\/watch?v=h5bFEG4AuSs&amp;list=PLC6mlw6wSjzXLPWORQmoYbchEacUbi3h_&amp;index=2&quot;,&quot;yt_privacy&quot;:&quot;yes&quot;,&quot;lazy_load&quot;:&quot;yes&quot;,&quot;video_type&quot;:&quot;youtube&quot;,&quot;controls&quot;:&quot;yes&quot;}\" data-widget_type=\"video.default\">\n\t\t\t\t\t\t\t<div class=\"elementor-wrapper elementor-open-inline\">\n\t\t\t<div class=\"elementor-video\"><\/div>\t\t<\/div>\n\t\t\t\t\t\t<\/div>\n\t\t\t\t<\/div>\n\t\t\t\t\t<\/div>\n\t\t\t\t<\/div>\n\t\t<div class=\"elementor-element elementor-element-0d17a3a e-flex e-con-boxed e-con e-parent\" data-id=\"0d17a3a\" data-element_type=\"container\" data-e-type=\"container\">\n\t\t\t\t\t<div class=\"e-con-inner\">\n\t\t<div class=\"elementor-element elementor-element-4006167 e-con-full e-flex e-con e-child\" data-id=\"4006167\" data-element_type=\"container\" data-e-type=\"container\">\n\t\t\t\t<div class=\"elementor-element elementor-element-22b1c2d elementor-widget elementor-widget-gallery\" data-id=\"22b1c2d\" data-element_type=\"widget\" data-e-type=\"widget\" data-settings=\"{&quot;columns&quot;:3,&quot;columns_tablet&quot;:3,&quot;gap&quot;:{&quot;unit&quot;:&quot;px&quot;,&quot;size&quot;:5,&quot;sizes&quot;:[]},&quot;gap_tablet&quot;:{&quot;unit&quot;:&quot;px&quot;,&quot;size&quot;:5,&quot;sizes&quot;:[]},&quot;gap_mobile&quot;:{&quot;unit&quot;:&quot;px&quot;,&quot;size&quot;:5,&quot;sizes&quot;:[]},&quot;aspect_ratio&quot;:&quot;1:1&quot;,&quot;lazyload&quot;:&quot;yes&quot;,&quot;gallery_layout&quot;:&quot;grid&quot;,&quot;columns_mobile&quot;:1,&quot;overlay_background&quot;:&quot;yes&quot;,&quot;content_hover_animation&quot;:&quot;fade-in&quot;}\" data-widget_type=\"gallery.default\">\n\t\t\t\t\t\t\t<div class=\"elementor-gallery__container\">\n\t\t\t\t\t\t\t<div class=\"e-gallery-item elementor-gallery-item elementor-animated-content\">\n\t\t\t\t\t<div class=\"e-gallery-image elementor-gallery-item__image\" data-thumbnail=\"https:\/\/olatzlarunbe.com\/wp-content\/uploads\/2026\/01\/P1013664.jpg\" data-width=\"1200\" data-height=\"901\" aria-label=\"\" role=\"img\" ><\/div>\n\t\t\t\t\t\t\t\t\t\t\t<div class=\"elementor-gallery-item__overlay\"><\/div>\n\t\t\t\t\t\t\t\t\t\t\t\t\t\t<\/div>\n\t\t\t\t\t\t\t<div class=\"e-gallery-item elementor-gallery-item elementor-animated-content\">\n\t\t\t\t\t<div class=\"e-gallery-image elementor-gallery-item__image\" data-thumbnail=\"https:\/\/olatzlarunbe.com\/wp-content\/uploads\/2026\/01\/IMG_6912-rotated.jpg\" data-width=\"1200\" data-height=\"554\" aria-label=\"\" role=\"img\" ><\/div>\n\t\t\t\t\t\t\t\t\t\t\t<div class=\"elementor-gallery-item__overlay\"><\/div>\n\t\t\t\t\t\t\t\t\t\t\t\t\t\t<\/div>\n\t\t\t\t\t\t\t<div class=\"e-gallery-item elementor-gallery-item elementor-animated-content\">\n\t\t\t\t\t<div class=\"e-gallery-image elementor-gallery-item__image\" data-thumbnail=\"https:\/\/olatzlarunbe.com\/wp-content\/uploads\/2026\/01\/fe3aa1ba-e92d-4c31-ac31-c0388adc8c9c.jpg\" data-width=\"1200\" data-height=\"800\" aria-label=\"\" role=\"img\" ><\/div>\n\t\t\t\t\t\t\t\t\t\t\t<div class=\"elementor-gallery-item__overlay\"><\/div>\n\t\t\t\t\t\t\t\t\t\t\t\t\t\t<\/div>\n\t\t\t\t\t\t\t<div class=\"e-gallery-item elementor-gallery-item elementor-animated-content\">\n\t\t\t\t\t<div class=\"e-gallery-image elementor-gallery-item__image\" data-thumbnail=\"https:\/\/olatzlarunbe.com\/wp-content\/uploads\/2026\/01\/1bb8afbc-c129-4b7c-9ad5-5c8ac2e5ec6c.jpg\" data-width=\"1200\" data-height=\"800\" aria-label=\"\" role=\"img\" ><\/div>\n\t\t\t\t\t\t\t\t\t\t\t<div class=\"elementor-gallery-item__overlay\"><\/div>\n\t\t\t\t\t\t\t\t\t\t\t\t\t\t<\/div>\n\t\t\t\t\t\t\t<div class=\"e-gallery-item elementor-gallery-item elementor-animated-content\">\n\t\t\t\t\t<div class=\"e-gallery-image elementor-gallery-item__image\" data-thumbnail=\"https:\/\/olatzlarunbe.com\/wp-content\/uploads\/2026\/01\/P1013669.jpg\" data-width=\"1200\" data-height=\"901\" aria-label=\"\" role=\"img\" ><\/div>\n\t\t\t\t\t\t\t\t\t\t\t<div class=\"elementor-gallery-item__overlay\"><\/div>\n\t\t\t\t\t\t\t\t\t\t\t\t\t\t<\/div>\n\t\t\t\t\t\t\t<div class=\"e-gallery-item elementor-gallery-item elementor-animated-content\">\n\t\t\t\t\t<div class=\"e-gallery-image elementor-gallery-item__image\" data-thumbnail=\"https:\/\/olatzlarunbe.com\/wp-content\/uploads\/2026\/01\/42a371e8-0358-4142-a1b2-5d0e2bea44c3.jpg\" data-width=\"1200\" data-height=\"801\" aria-label=\"\" role=\"img\" ><\/div>\n\t\t\t\t\t\t\t\t\t\t\t<div class=\"elementor-gallery-item__overlay\"><\/div>\n\t\t\t\t\t\t\t\t\t\t\t\t\t\t<\/div>\n\t\t\t\t\t<\/div>\n\t\t\t\t\t<\/div>\n\t\t\t\t<\/div>\n\t\t\t\t\t<\/div>\n\t\t\t\t<\/div>\n\t\t<div class=\"elementor-element elementor-element-0215746 e-flex e-con-boxed e-con e-parent\" data-id=\"0215746\" data-element_type=\"container\" data-e-type=\"container\">\n\t\t\t\t\t<div class=\"e-con-inner\">\n\t\t<div class=\"elementor-element elementor-element-aaea4d8 e-con-full e-grid e-con e-child\" data-id=\"aaea4d8\" data-element_type=\"container\" data-e-type=\"container\">\n\t\t\t\t<div class=\"elementor-element elementor-element-9246559 elementor-align-center elementor-mobile-align-center elementor-invisible elementor-widget elementor-widget-button\" data-id=\"9246559\" data-element_type=\"widget\" data-e-type=\"widget\" data-settings=\"{&quot;_animation&quot;:&quot;fadeInUp&quot;,&quot;_animation_delay&quot;:600}\" data-widget_type=\"button.default\">\n\t\t\t\t\t\t\t\t\t\t<a class=\"elementor-button elementor-button-link elementor-size-sm\" href=\"https:\/\/olatzlarunbe.com\/en\/creaciones\/\">\n\t\t\t\t\t\t<span class=\"elementor-button-content-wrapper\">\n\t\t\t\t\t\t\t\t\t<span class=\"elementor-button-text\">Ver otros trabajos<\/span>\n\t\t\t\t\t<\/span>\n\t\t\t\t\t<\/a>\n\t\t\t\t\t\t\t\t<\/div>\n\t\t\t\t<\/div>\n\t\t\t\t\t<\/div>\n\t\t\t\t<\/div>\n\t\t\t\t<\/div>","protected":false},"excerpt":{"rendered":"<p>ETENA DENA Duraci\u00f3n: 50 minutos\u00a0 \/\u00a0 Formato: Sala y teatros Vivimos atrapadas en la prisa del instante. Un v\u00e9rtigo continuo nos arrastra, como si el ahora solo existiera para ser consumido. Todo es ya, todo es poco. Todo se vuelve fugaz, insuficiente. \u00bfQu\u00e9 pasar\u00eda si el ahora no fuera urgencia, sino presencia? \u00bfQu\u00e9 pasar\u00eda si [&hellip;]<\/p>\n","protected":false},"author":1,"featured_media":0,"parent":0,"menu_order":0,"comment_status":"closed","ping_status":"closed","template":"","meta":{"footnotes":""},"class_list":["post-809","page","type-page","status-publish","hentry"],"_links":{"self":[{"href":"https:\/\/olatzlarunbe.com\/en\/wp-json\/wp\/v2\/pages\/809","targetHints":{"allow":["GET"]}}],"collection":[{"href":"https:\/\/olatzlarunbe.com\/en\/wp-json\/wp\/v2\/pages"}],"about":[{"href":"https:\/\/olatzlarunbe.com\/en\/wp-json\/wp\/v2\/types\/page"}],"author":[{"embeddable":true,"href":"https:\/\/olatzlarunbe.com\/en\/wp-json\/wp\/v2\/users\/1"}],"replies":[{"embeddable":true,"href":"https:\/\/olatzlarunbe.com\/en\/wp-json\/wp\/v2\/comments?post=809"}],"version-history":[{"count":28,"href":"https:\/\/olatzlarunbe.com\/en\/wp-json\/wp\/v2\/pages\/809\/revisions"}],"predecessor-version":[{"id":1582,"href":"https:\/\/olatzlarunbe.com\/en\/wp-json\/wp\/v2\/pages\/809\/revisions\/1582"}],"wp:attachment":[{"href":"https:\/\/olatzlarunbe.com\/en\/wp-json\/wp\/v2\/media?parent=809"}],"curies":[{"name":"wp","href":"https:\/\/api.w.org\/{rel}","templated":true}]}}